{"id":135,"date":"2026-03-24T17:53:58","date_gmt":"2026-03-24T17:53:58","guid":{"rendered":"https:\/\/fg-expert-bois.com\/?page_id=135"},"modified":"2026-03-24T18:35:15","modified_gmt":"2026-03-24T18:35:15","slug":"mentions-juridiques","status":"publish","type":"page","link":"https:\/\/fg-expert-bois.com\/?page_id=135","title":{"rendered":"Mentions l\u00e9gales"},"content":{"rendered":"\t\t<div data-elementor-type=\"wp-page\" data-elementor-id=\"135\" class=\"elementor elementor-135\">\n\t\t\t\t<div class=\"elementor-element elementor-element-e549e90 e-flex e-con-boxed e-con e-parent\" data-id=\"e549e90\" data-element_type=\"container\" data-e-type=\"container\">\n\t\t\t\t\t<div class=\"e-con-inner\">\n\t\t\t\t<div class=\"elementor-element elementor-element-0e88744 elementor-widget elementor-widget-text-editor\" data-id=\"0e88744\" data-element_type=\"widget\" data-e-type=\"widget\" data-widget_type=\"text-editor.default\">\n\t\t\t\t\t\t\t\t\t<h1>\u00a0<\/h1><h2><span dir=\"auto\" style=\"vertical-align: inherit;\"><span dir=\"auto\" style=\"vertical-align: inherit;\">1. \u00c9diteur du site<\/span><\/span><\/h2><p><span dir=\"auto\" style=\"vertical-align: inherit;\"><span dir=\"auto\" style=\"vertical-align: inherit;\">Le pr\u00e9sent site est \u00e9dit\u00e9 par :<\/span><\/span><\/p><p><strong><span dir=\"auto\" style=\"vertical-align: inherit;\"><span dir=\"auto\" style=\"vertical-align: inherit;\">Nom de l&rsquo;entreprise \/ Nom Pr\u00e9nom :<\/span><\/span><\/strong><span dir=\"auto\" style=\"vertical-align: inherit;\"><span dir=\"auto\" style=\"vertical-align: inherit;\"> SARL Fran\u00e7ois Gelloz<\/span><\/span><\/p><p><strong><span dir=\"auto\" style=\"vertical-align: inherit;\"><span dir=\"auto\" style=\"vertical-align: inherit;\">Statut juridique :<\/span><\/span><\/strong><span dir=\"auto\" style=\"vertical-align: inherit;\"><span dir=\"auto\" style=\"vertical-align: inherit;\"> SARL<\/span><\/span><br \/><strong><span dir=\"auto\" style=\"vertical-align: inherit;\"><span dir=\"auto\" style=\"vertical-align: inherit;\">Adresse :<\/span><\/span><\/strong><span dir=\"auto\" style=\"vertical-align: inherit;\"><span dir=\"auto\" style=\"vertical-align: inherit;\"> 969, Route de Moussy<br data-start=\"144\" data-end=\"147\" \/>74930 PERS-JUSSY<\/span><\/span><br \/><strong><span dir=\"auto\" style=\"vertical-align: inherit;\"><span dir=\"auto\" style=\"vertical-align: inherit;\">Num\u00e9ro SIRET : 349 644 724 00032<\/span><\/span><\/strong><br \/><strong><span dir=\"auto\" style=\"vertical-align: inherit;\"><span dir=\"auto\" style=\"vertical-align: inherit;\">Email :<\/span><\/span><\/strong><span dir=\"auto\" style=\"vertical-align: inherit;\"><span dir=\"auto\" style=\"vertical-align: inherit;\"> fg@sarlfgelloz.com<\/span><\/span><br \/><strong><span dir=\"auto\" style=\"vertical-align: inherit;\"><span dir=\"auto\" style=\"vertical-align: inherit;\">T\u00e9l\u00e9phone :<\/span><\/span><\/strong><span dir=\"auto\" style=\"vertical-align: inherit;\"><span dir=\"auto\" style=\"vertical-align: inherit;\"> 06.71.85.01.89<\/span><\/span><\/p><p><strong><span dir=\"auto\" style=\"vertical-align: inherit;\"><span dir=\"auto\" style=\"vertical-align: inherit;\">Directeur de la publication :<\/span><\/span><\/strong><span dir=\"auto\" style=\"vertical-align: inherit;\"><span dir=\"auto\" style=\"vertical-align: inherit;\"> Fran\u00e7ois Gelloz<\/span><\/span><\/p><hr \/><h2><span dir=\"auto\" style=\"vertical-align: inherit;\"><span dir=\"auto\" style=\"vertical-align: inherit;\">2. H\u00e9bergement<\/span><\/span><\/h2><p><span dir=\"auto\" style=\"vertical-align: inherit;\"><span dir=\"auto\" style=\"vertical-align: inherit;\">Le site est h\u00e9berg\u00e9 par :<\/span><\/span><\/p><p><strong>Nom de l\u2019h\u00e9bergeur :<\/strong> OVH SAS<br \/><strong>Adresse :<\/strong> 2 rue Kellermann, 59100 Roubaix, France<br \/><strong>T\u00e9l\u00e9phone :<\/strong> 1007<br \/><strong>Site web :<\/strong> <a href=\"https:\/\/www.ovhcloud.com\">https:\/\/www.ovhcloud.com<\/a><\/p><hr \/><h2><span dir=\"auto\" style=\"vertical-align: inherit;\"><span dir=\"auto\" style=\"vertical-align: inherit;\">3. Propri\u00e9t\u00e9 intellectuelle<\/span><\/span><\/h2><p><span dir=\"auto\" style=\"vertical-align: inherit;\"><span dir=\"auto\" style=\"vertical-align: inherit;\">L&rsquo;ensemble du contenu pr\u00e9sent sur le site (textes, images, graphismes, logo, vid\u00e9os, etc.) est prot\u00e9g\u00e9 par le droit de la propri\u00e9t\u00e9 intellectuelle.<\/span><\/span><\/p><p><span dir=\"auto\" style=\"vertical-align: inherit;\"><span dir=\"auto\" style=\"vertical-align: inherit;\">Toute reproduction, distribution, modification ou utilisation, sans autorisation \u00e9crite pr\u00e9alable, est strictement interdite.<\/span><\/span><\/p><hr \/><h2><span dir=\"auto\" style=\"vertical-align: inherit;\"><span dir=\"auto\" style=\"vertical-align: inherit;\">4. Donn\u00e9es personnelles<\/span><\/span><\/h2><p><span dir=\"auto\" style=\"vertical-align: inherit;\"><span dir=\"auto\" style=\"vertical-align: inherit;\">Le site peut collecter des donn\u00e9es personnelles via :<\/span><\/span><\/p><ul><li><p><span dir=\"auto\" style=\"vertical-align: inherit;\"><span dir=\"auto\" style=\"vertical-align: inherit;\">Formulaire de contact<\/span><\/span><\/p><\/li><\/ul><p><span dir=\"auto\" style=\"vertical-align: inherit;\"><span dir=\"auto\" style=\"vertical-align: inherit;\">Les informations recueillies sont utilis\u00e9es uniquement pour r\u00e9pondre aux demandes des utilisateurs.<\/span><\/span><\/p><p><span dir=\"auto\" style=\"vertical-align: inherit;\"><span dir=\"auto\" style=\"vertical-align: inherit;\">Conform\u00e9ment au <\/span><\/span><strong><span dir=\"auto\" style=\"vertical-align: inherit;\"><span dir=\"auto\" style=\"vertical-align: inherit;\">R\u00e8glement G\u00e9n\u00e9ral sur la Protection des Donn\u00e9es (RGPD)<\/span><\/span><\/strong><span dir=\"auto\" style=\"vertical-align: inherit;\"><span dir=\"auto\" style=\"vertical-align: inherit;\"> , vous b\u00e9n\u00e9ficiez des droits suivants :<\/span><\/span><\/p><ul><li><p><span dir=\"auto\" style=\"vertical-align: inherit;\"><span dir=\"auto\" style=\"vertical-align: inherit;\">Droit d&rsquo;acc\u00e8s<\/span><\/span><\/p><\/li><li><p><span dir=\"auto\" style=\"vertical-align: inherit;\"><span dir=\"auto\" style=\"vertical-align: inherit;\">Droit de rectification<\/span><\/span><\/p><\/li><li><p><span dir=\"auto\" style=\"vertical-align: inherit;\"><span dir=\"auto\" style=\"vertical-align: inherit;\">Droit de suppression<\/span><\/span><\/p><\/li><\/ul><p><span dir=\"auto\" style=\"vertical-align: inherit;\"><span dir=\"auto\" style=\"vertical-align: inherit;\">Pour exercer ces droits, contactez : fg@sarlfgelloz.com<\/span><\/span><\/p><hr \/><h2><span dir=\"auto\" style=\"vertical-align: inherit;\"><span dir=\"auto\" style=\"vertical-align: inherit;\">5. Cookies<\/span><\/span><\/h2><p><span dir=\"auto\" style=\"vertical-align: inherit;\"><span dir=\"auto\" style=\"vertical-align: inherit;\">Le site peut utiliser des cookies pour am\u00e9liorer l&rsquo;exp\u00e9rience utilisateur et mesurer l&rsquo;audience.<\/span><\/span><\/p><p><span dir=\"auto\" style=\"vertical-align: inherit;\"><span dir=\"auto\" style=\"vertical-align: inherit;\">L&rsquo;utilisateur peut \u00e0 tout moment configurer son navigateur pour refuser les cookies.<\/span><\/span><\/p><hr \/><h2><span dir=\"auto\" style=\"vertical-align: inherit;\"><span dir=\"auto\" style=\"vertical-align: inherit;\">6. Responsabilit\u00e9<\/span><\/span><\/h2><p><span dir=\"auto\" style=\"vertical-align: inherit;\"><span dir=\"auto\" style=\"vertical-align: inherit;\">L&rsquo;\u00e9diteur du site ne saurait \u00eatre tenu responsable :<\/span><\/span><\/p><ul><li><p><span dir=\"auto\" style=\"vertical-align: inherit;\"><span dir=\"auto\" style=\"vertical-align: inherit;\">Des erreurs ou omissions dans les informations diffus\u00e9es<\/span><\/span><\/p><\/li><li><p><span dir=\"auto\" style=\"vertical-align: inherit;\"><span dir=\"auto\" style=\"vertical-align: inherit;\">D&rsquo;une interruption du site<\/span><\/span><\/p><\/li><li><p><span dir=\"auto\" style=\"vertical-align: inherit;\"><span dir=\"auto\" style=\"vertical-align: inherit;\">Des dommages r\u00e9sultant de l&rsquo;utilisation du site<\/span><\/span><\/p><\/li><\/ul><hr \/><h2><span dir=\"auto\" style=\"vertical-align: inherit;\"><span dir=\"auto\" style=\"vertical-align: inherit;\">7. Droit applicable<\/span><\/span><\/h2><p><span dir=\"auto\" style=\"vertical-align: inherit;\"><span dir=\"auto\" style=\"vertical-align: inherit;\">Le pr\u00e9sent site est soumis au droit fran\u00e7ais.<\/span><\/span><\/p><p><span dir=\"auto\" style=\"vertical-align: inherit;\"><span dir=\"auto\" style=\"vertical-align: inherit;\">En cas de litige, les tribunaux comp\u00e9tents seront ceux du ressort du si\u00e8ge social de l&rsquo;\u00e9diteur.<\/span><\/span><\/p>\t\t\t\t\t\t\t\t<\/div>\n\t\t\t\t\t<\/div>\n\t\t\t\t<\/div>\n\t\t\t\t<\/div>\n\t\t","protected":false},"excerpt":{"rendered":"<p>\u00a0 1. \u00c9diteur du site Le pr\u00e9sent site est \u00e9dit\u00e9 par : Nom de l&rsquo;entreprise \/ Nom Pr\u00e9nom : SARL Fran\u00e7ois Gelloz Statut juridique : SARLAdresse : 969, Route de Moussy74930 PERS-JUSSYNum\u00e9ro SIRET : 349 644 724 00032Email : fg@sarlfgelloz.comT\u00e9l\u00e9phone : 06.71.85.01.89 Directeur de la publication : Fran\u00e7ois Gelloz 2. H\u00e9bergement Le site est h\u00e9berg\u00e9 [&hellip;]<\/p>\n","protected":false},"author":1,"featured_media":0,"parent":0,"menu_order":0,"comment_status":"closed","ping_status":"closed","template":"","meta":{"_eb_attr":"","footnotes":""},"class_list":["post-135","page","type-page","status-publish","hentry"],"_links":{"self":[{"href":"https:\/\/fg-expert-bois.com\/index.php?rest_route=\/wp\/v2\/pages\/135","targetHints":{"allow":["GET"]}}],"collection":[{"href":"https:\/\/fg-expert-bois.com\/index.php?rest_route=\/wp\/v2\/pages"}],"about":[{"href":"https:\/\/fg-expert-bois.com\/index.php?rest_route=\/wp\/v2\/types\/page"}],"author":[{"embeddable":true,"href":"https:\/\/fg-expert-bois.com\/index.php?rest_route=\/wp\/v2\/users\/1"}],"replies":[{"embeddable":true,"href":"https:\/\/fg-expert-bois.com\/index.php?rest_route=%2Fwp%2Fv2%2Fcomments&post=135"}],"version-history":[{"count":6,"href":"https:\/\/fg-expert-bois.com\/index.php?rest_route=\/wp\/v2\/pages\/135\/revisions"}],"predecessor-version":[{"id":146,"href":"https:\/\/fg-expert-bois.com\/index.php?rest_route=\/wp\/v2\/pages\/135\/revisions\/146"}],"wp:attachment":[{"href":"https:\/\/fg-expert-bois.com\/index.php?rest_route=%2Fwp%2Fv2%2Fmedia&parent=135"}],"curies":[{"name":"wp","href":"https:\/\/api.w.org\/{rel}","templated":true}]}}